{"id":42,"date":"2022-09-21T15:46:40","date_gmt":"2022-09-21T13:46:40","guid":{"rendered":"https:\/\/sixtiesbegood.fr\/?page_id=42"},"modified":"2022-10-16T19:09:56","modified_gmt":"2022-10-16T17:09:56","slug":"benoit","status":"publish","type":"page","link":"https:\/\/sixtiesbegood.fr\/index.php\/benoit\/","title":{"rendered":"Beno\u00eet"},"content":{"rendered":"<div class=\"wp-block-image is-style-default\">\n<figure class=\"alignleft size-large is-resized\"><img loading=\"lazy\" decoding=\"async\" src=\"https:\/\/sixtiesbegood.fr\/wp-content\/uploads\/2022\/09\/Benoit-1-689x1024.jpg\" alt=\"\" class=\"wp-image-99\" width=\"250\" height=\"354\"\/><\/figure>\n<\/div>\n\n\n<p class=\"has-black-color has-text-color\">Ch\u2019timi n\u00e9 \u00e0 Lille et naturalis\u00e9 bigouden.<br>A d\u00e9but\u00e9 dans le rock en 1968 avec les Sydneys Sound &nbsp;\u00e0 Sarcelles (95)<br>puis \u00ab Azylium Authority \u00bb \u00e0 Dieuze.<\/p>\n\n\n\n<p class=\"has-black-color has-text-color\">Arriv\u00e9 \u00e0 Quimper en 1972.<br>Grande parenth\u00e8se de 35 ans pour reprendre la zik avec \u00ab Skeudou Coz \u00bb ( tribute Shadows) \u00e0 Loctudy.<br>Un temps avec GSN de Saint Evarzec sur batterie Tama, puis \u00a0Peter\u2019s Uncles Blues Band \u00a0\u00e0 Quimper et Bannalec pendant 11 ans.<\/p>\n\n\n\n<p class=\"has-black-color has-text-color\">Ensuite \u00ab Les Sixties Begood \u00bb en pays bigouden.<\/p>\n\n\n\n<p class=\"has-black-color has-text-color\">A jou\u00e9 sur  Star  Sonor  et  Pearl.<\/p>\n\n\n\n<hr class=\"wp-block-separator has-alpha-channel-opacity\"\/>\n\n\n\n<div style=\"height:3px\" aria-hidden=\"true\" class=\"wp-block-spacer\"><\/div>\n\n\n<div class=\"wp-block-image\">\n<figure class=\"alignleft size-large is-resized\"><img loading=\"lazy\" decoding=\"async\" src=\"https:\/\/sixtiesbegood.fr\/wp-content\/uploads\/2022\/10\/Benoit01-1024x576.jpg\" alt=\"\" class=\"wp-image-366\" width=\"238\" height=\"133\" srcset=\"https:\/\/sixtiesbegood.fr\/wp-content\/uploads\/2022\/10\/Benoit01-1024x576.jpg 1024w, https:\/\/sixtiesbegood.fr\/wp-content\/uploads\/2022\/10\/Benoit01-300x169.jpg 300w, https:\/\/sixtiesbegood.fr\/wp-content\/uploads\/2022\/10\/Benoit01-768x432.jpg 768w, https:\/\/sixtiesbegood.fr\/wp-content\/uploads\/2022\/10\/Benoit01-1536x864.jpg 1536w, https:\/\/sixtiesbegood.fr\/wp-content\/uploads\/2022\/10\/Benoit01.jpg 1920w\" sizes=\"auto, (max-width: 238px) 100vw, 238px\" \/><\/figure>\n<\/div>\n\n<div class=\"wp-block-image\">\n<figure class=\"alignleft size-large is-resized\"><img loading=\"lazy\" decoding=\"async\" src=\"https:\/\/sixtiesbegood.fr\/wp-content\/uploads\/2022\/09\/Benoit02-1024x576.jpg\" alt=\"\" class=\"wp-image-165\" width=\"237\" height=\"134\" srcset=\"https:\/\/sixtiesbegood.fr\/wp-content\/uploads\/2022\/09\/Benoit02-1024x576.jpg 1024w, https:\/\/sixtiesbegood.fr\/wp-content\/uploads\/2022\/09\/Benoit02-300x169.jpg 300w, https:\/\/sixtiesbegood.fr\/wp-content\/uploads\/2022\/09\/Benoit02-768x432.jpg 768w, https:\/\/sixtiesbegood.fr\/wp-content\/uploads\/2022\/09\/Benoit02-1536x864.jpg 1536w, https:\/\/sixtiesbegood.fr\/wp-content\/uploads\/2022\/09\/Benoit02.jpg 1920w\" sizes=\"auto, (max-width: 237px) 100vw, 237px\" \/><\/figure>\n<\/div>\n\n<div class=\"wp-block-image\">\n<figure class=\"alignleft size-large is-resized\"><img loading=\"lazy\" decoding=\"async\" src=\"https:\/\/sixtiesbegood.fr\/wp-content\/uploads\/2022\/09\/Benoit03-1024x576.jpg\" alt=\"\" class=\"wp-image-167\" width=\"238\" height=\"134\" srcset=\"https:\/\/sixtiesbegood.fr\/wp-content\/uploads\/2022\/09\/Benoit03-1024x576.jpg 1024w, https:\/\/sixtiesbegood.fr\/wp-content\/uploads\/2022\/09\/Benoit03-300x169.jpg 300w, https:\/\/sixtiesbegood.fr\/wp-content\/uploads\/2022\/09\/Benoit03-768x432.jpg 768w, https:\/\/sixtiesbegood.fr\/wp-content\/uploads\/2022\/09\/Benoit03-1536x864.jpg 1536w, https:\/\/sixtiesbegood.fr\/wp-content\/uploads\/2022\/09\/Benoit03.jpg 1920w\" sizes=\"auto, (max-width: 238px) 100vw, 238px\" \/><\/figure>\n<\/div>","protected":false},"excerpt":{"rendered":"<p>Ch\u2019timi n\u00e9 \u00e0 Lille et naturalis\u00e9 bigouden.A d\u00e9but\u00e9 dans le rock en 1968 avec les Sydneys Sound &nbsp;\u00e0 Sarcelles (95)puis \u00ab Azylium Authority \u00bb \u00e0 Dieuze. Arriv\u00e9 \u00e0 Quimper en &#8230;<\/p>\n","protected":false},"author":1,"featured_media":0,"parent":0,"menu_order":0,"comment_status":"closed","ping_status":"closed","template":"","meta":{"footnotes":""},"class_list":["post-42","page","type-page","status-publish","hentry"],"_links":{"self":[{"href":"https:\/\/sixtiesbegood.fr\/index.php\/wp-json\/wp\/v2\/pages\/42","targetHints":{"allow":["GET"]}}],"collection":[{"href":"https:\/\/sixtiesbegood.fr\/index.php\/wp-json\/wp\/v2\/pages"}],"about":[{"href":"https:\/\/sixtiesbegood.fr\/index.php\/wp-json\/wp\/v2\/types\/page"}],"author":[{"embeddable":true,"href":"https:\/\/sixtiesbegood.fr\/index.php\/wp-json\/wp\/v2\/users\/1"}],"replies":[{"embeddable":true,"href":"https:\/\/sixtiesbegood.fr\/index.php\/wp-json\/wp\/v2\/comments?post=42"}],"version-history":[{"count":17,"href":"https:\/\/sixtiesbegood.fr\/index.php\/wp-json\/wp\/v2\/pages\/42\/revisions"}],"predecessor-version":[{"id":464,"href":"https:\/\/sixtiesbegood.fr\/index.php\/wp-json\/wp\/v2\/pages\/42\/revisions\/464"}],"wp:attachment":[{"href":"https:\/\/sixtiesbegood.fr\/index.php\/wp-json\/wp\/v2\/media?parent=42"}],"curies":[{"name":"wp","href":"https:\/\/api.w.org\/{rel}","templated":true}]}}