{"id":44,"date":"2022-09-21T15:47:16","date_gmt":"2022-09-21T13:47:16","guid":{"rendered":"https:\/\/sixtiesbegood.fr\/?page_id=44"},"modified":"2023-05-05T14:17:47","modified_gmt":"2023-05-05T12:17:47","slug":"jean","status":"publish","type":"page","link":"https:\/\/sixtiesbegood.fr\/index.php\/jean\/","title":{"rendered":"Jean"},"content":{"rendered":"\n<p><\/p>\n\n\n<div class=\"wp-block-image\">\n<figure class=\"alignleft size-large is-resized\"><img loading=\"lazy\" decoding=\"async\" src=\"https:\/\/sixtiesbegood.fr\/wp-content\/uploads\/2022\/09\/Jean-689x1024.jpg\" alt=\"\" class=\"wp-image-109\" width=\"220\" height=\"327\" srcset=\"https:\/\/sixtiesbegood.fr\/wp-content\/uploads\/2022\/09\/Jean-689x1024.jpg 689w, https:\/\/sixtiesbegood.fr\/wp-content\/uploads\/2022\/09\/Jean-202x300.jpg 202w, https:\/\/sixtiesbegood.fr\/wp-content\/uploads\/2022\/09\/Jean-768x1141.jpg 768w, https:\/\/sixtiesbegood.fr\/wp-content\/uploads\/2022\/09\/Jean-1034x1536.jpg 1034w, https:\/\/sixtiesbegood.fr\/wp-content\/uploads\/2022\/09\/Jean-1378x2048.jpg 1378w, https:\/\/sixtiesbegood.fr\/wp-content\/uploads\/2022\/09\/Jean-1568x2330.jpg 1568w, https:\/\/sixtiesbegood.fr\/wp-content\/uploads\/2022\/09\/Jean.jpg 1652w\" sizes=\"auto, (max-width: 220px) 100vw, 220px\" \/><\/figure>\n<\/div>\n\n<div class=\"wp-block-image\">\n<figure class=\"alignright size-full is-resized\"><img loading=\"lazy\" decoding=\"async\" src=\"https:\/\/sixtiesbegood.fr\/wp-content\/uploads\/2022\/09\/jean01.jpg\" alt=\"\" class=\"wp-image-131\" width=\"284\" height=\"191\" srcset=\"https:\/\/sixtiesbegood.fr\/wp-content\/uploads\/2022\/09\/jean01.jpg 920w, https:\/\/sixtiesbegood.fr\/wp-content\/uploads\/2022\/09\/jean01-300x202.jpg 300w, https:\/\/sixtiesbegood.fr\/wp-content\/uploads\/2022\/09\/jean01-768x517.jpg 768w\" sizes=\"auto, (max-width: 284px) 100vw, 284px\" \/><figcaption class=\"wp-element-caption\">1964<\/figcaption><\/figure>\n<\/div>\n\n\n<p class=\"has-black-color has-text-color\">Jean commence la musique dans les ann\u00e9es 60 avec des copains de lyc\u00e9e. Ils se produisent dans les patronages et kermesses.<br><br>Il rencontre ensuite des musiciens de bal.<br>Il joue avec Alfred Jolivet (Plon\u00e9our), Yannick Mercier (Quimper), Henri B\u00e9chennec (Pont l&rsquo;Abb\u00e9) et encore d&rsquo;autres \u2026..<\/p>\n\n\n\n<div style=\"height:15px\" aria-hidden=\"true\" class=\"wp-block-spacer\"><\/div>\n\n\n<div class=\"wp-block-image\">\n<figure class=\"alignright size-full is-resized\"><img loading=\"lazy\" decoding=\"async\" src=\"https:\/\/sixtiesbegood.fr\/wp-content\/uploads\/2022\/09\/jean02.jpg\" alt=\"\" class=\"wp-image-133\" width=\"408\" height=\"287\" srcset=\"https:\/\/sixtiesbegood.fr\/wp-content\/uploads\/2022\/09\/jean02.jpg 908w, https:\/\/sixtiesbegood.fr\/wp-content\/uploads\/2022\/09\/jean02-300x211.jpg 300w, https:\/\/sixtiesbegood.fr\/wp-content\/uploads\/2022\/09\/jean02-768x541.jpg 768w\" sizes=\"auto, (max-width: 408px) 100vw, 408px\" \/><figcaption class=\"wp-element-caption\">Le Traveller&rsquo;s 1968<\/figcaption><\/figure>\n<\/div>\n\n\n<p class=\"has-black-color has-text-color\">Etudiant \u00e0 Rennes, il passe \u00e0 la contrebasse et joue avec le Riverside Dixieland Jazz Band et les Dixies Babies<br>Ils se produisent \u00e0 La Torch\u00e8re (Rue Ste Melaine), au Traveller&rsquo;s (Avenue Janvier), La Prison Saint Michel, les Portes Mordelaises, et dans les grands bals de l&rsquo;\u00e9poque.<\/p>\n\n\n\n<div style=\"height:26px\" aria-hidden=\"true\" class=\"wp-block-spacer\"><\/div>\n\n\n<div class=\"wp-block-image\">\n<figure class=\"alignright size-full is-resized\"><img loading=\"lazy\" decoding=\"async\" src=\"https:\/\/sixtiesbegood.fr\/wp-content\/uploads\/2022\/09\/jean03.jpg\" alt=\"\" class=\"wp-image-134\" width=\"404\" height=\"277\" srcset=\"https:\/\/sixtiesbegood.fr\/wp-content\/uploads\/2022\/09\/jean03-300x207.jpg 300w, https:\/\/sixtiesbegood.fr\/wp-content\/uploads\/2022\/09\/jean03-768x529.jpg 768w\" sizes=\"auto, (max-width: 404px) 100vw, 404px\" \/><figcaption class=\"wp-element-caption\">Avec Dany Doriz<\/figcaption><\/figure>\n<\/div>\n\n\n<p><\/p>\n\n\n\n<p><\/p>\n\n\n\n<p><\/p>\n\n\n\n<p class=\"has-black-color has-text-color\">C&rsquo;est aussi l&rsquo;occasion d&rsquo;accompagner les jazzmen de passage \u00e0 Rennes (St\u00e9phane Grappelli, Memphis Slim \u2026)<br>Ici Dany Doriz (Le Caveau de la Huchette) au Traveller&rsquo;s.<\/p>\n\n\n\n<div style=\"height:29px\" aria-hidden=\"true\" class=\"wp-block-spacer\"><\/div>\n\n\n\n<p><\/p>\n\n\n\n<p><\/p>\n\n\n\n<p><\/p>\n\n\n<div class=\"wp-block-image\">\n<figure class=\"alignleft size-full is-resized\"><img loading=\"lazy\" decoding=\"async\" src=\"https:\/\/sixtiesbegood.fr\/wp-content\/uploads\/2022\/09\/jean04.jpg\" alt=\"\" class=\"wp-image-135\" width=\"237\" height=\"238\" srcset=\"https:\/\/sixtiesbegood.fr\/wp-content\/uploads\/2022\/09\/jean04.jpg 992w, https:\/\/sixtiesbegood.fr\/wp-content\/uploads\/2022\/09\/jean04-300x300.jpg 300w, https:\/\/sixtiesbegood.fr\/wp-content\/uploads\/2022\/09\/jean04-150x150.jpg 150w, https:\/\/sixtiesbegood.fr\/wp-content\/uploads\/2022\/09\/jean04-768x771.jpg 768w\" sizes=\"auto, (max-width: 237px) 100vw, 237px\" \/><figcaption class=\"wp-element-caption\">Disque Ar Folk 1973<\/figcaption><\/figure>\n<\/div>\n\n\n<p class=\"has-black-color has-text-color\">Revenu dans le Finist\u00e8re, il forme avec des amis de Combrit-Sainte Marine le groupe breton \u00ab\u00a0Ar Penseerien\u00a0\u00bb qui anime 10 ans de festou noz et sort plusieurs 33 tours.<\/p>\n\n\n\n<p class=\"has-black-color has-text-color\"><\/p>\n\n\n\n<p class=\"has-black-color has-text-color\">Enfin retrait\u00e9, il passe \u00e0 la basse \u00e9lectrique<br>et rejoint Gilles et les Sixties Begood depuis 2016.<\/p>\n","protected":false},"excerpt":{"rendered":"<p>Jean commence la musique dans les ann\u00e9es 60 avec des copains de lyc\u00e9e. Ils se produisent dans les patronages et kermesses. Il rencontre ensuite des musiciens de bal.Il joue avec &#8230;<\/p>\n","protected":false},"author":1,"featured_media":0,"parent":0,"menu_order":0,"comment_status":"closed","ping_status":"closed","template":"","meta":{"footnotes":""},"class_list":["post-44","page","type-page","status-publish","hentry"],"_links":{"self":[{"href":"https:\/\/sixtiesbegood.fr\/index.php\/wp-json\/wp\/v2\/pages\/44","targetHints":{"allow":["GET"]}}],"collection":[{"href":"https:\/\/sixtiesbegood.fr\/index.php\/wp-json\/wp\/v2\/pages"}],"about":[{"href":"https:\/\/sixtiesbegood.fr\/index.php\/wp-json\/wp\/v2\/types\/page"}],"author":[{"embeddable":true,"href":"https:\/\/sixtiesbegood.fr\/index.php\/wp-json\/wp\/v2\/users\/1"}],"replies":[{"embeddable":true,"href":"https:\/\/sixtiesbegood.fr\/index.php\/wp-json\/wp\/v2\/comments?post=44"}],"version-history":[{"count":14,"href":"https:\/\/sixtiesbegood.fr\/index.php\/wp-json\/wp\/v2\/pages\/44\/revisions"}],"predecessor-version":[{"id":493,"href":"https:\/\/sixtiesbegood.fr\/index.php\/wp-json\/wp\/v2\/pages\/44\/revisions\/493"}],"wp:attachment":[{"href":"https:\/\/sixtiesbegood.fr\/index.php\/wp-json\/wp\/v2\/media?parent=44"}],"curies":[{"name":"wp","href":"https:\/\/api.w.org\/{rel}","templated":true}]}}